
{"id":52626,"date":"2024-07-23T13:46:35","date_gmt":"2024-07-23T10:46:35","guid":{"rendered":"https:\/\/4xc.com\/centro-de-senales-acuity\/"},"modified":"2026-01-07T15:37:32","modified_gmt":"2026-01-07T12:37:32","slug":"acuity-signal-centre","status":"publish","type":"page","link":"https:\/\/dev4xc.wpenginepowered.com\/es\/acuity-signal-centre\/","title":{"rendered":"Centro de Se\u00f1ales Acuity"},"content":{"rendered":"","protected":false},"excerpt":{"rendered":"","protected":false},"author":1,"featured_media":52463,"parent":0,"menu_order":0,"comment_status":"closed","ping_status":"closed","template":"page-templates\/acuity\/page-acuity-signal-centre.php","meta":{"footnotes":""},"class_list":["post-52626","page","type-page","status-publish","has-post-thumbnail","hentry"],"yoast_head":"<!-- This site is optimized with the Yoast SEO plugin v27.3 - https:\/\/yoast.com\/product\/yoast-seo-wordpress\/ -->\n<title>Centro de Se\u00f1ales Acuity | 4XC<\/title>\n<meta name=\"description\" content=\"Explora las se\u00f1ales premium potenciadas por IA con an\u00e1lisis de expertos, adaptadas a operadores de todos los niveles dentro del Centro de Se\u00f1ales.\" \/>\n<meta name=\"robots\" content=\"index, follow, max-snippet:-1, max-image-preview:large, max-video-preview:-1\" \/>\n<link rel=\"canonical\" href=\"https:\/\/dev4xc.wpenginepowered.com\/es\/acuity-signal-centre\/\" \/>\n<script type=\"application\/ld+json\" class=\"yoast-schema-graph\">{\"@context\":\"https:\\\/\\\/schema.org\",\"@graph\":[{\"@type\":\"WebPage\",\"@id\":\"https:\\\/\\\/dev4xc.wpenginepowered.com\\\/es\\\/acuity-signal-centre\\\/\",\"url\":\"https:\\\/\\\/dev4xc.wpenginepowered.com\\\/es\\\/acuity-signal-centre\\\/\",\"name\":\"Centro de Se\u00f1ales Acuity | 4XC\",\"isPartOf\":{\"@id\":\"https:\\\/\\\/dev4xc.wpenginepowered.com\\\/#website\"},\"primaryImageOfPage\":{\"@id\":\"https:\\\/\\\/dev4xc.wpenginepowered.com\\\/es\\\/acuity-signal-centre\\\/#primaryimage\"},\"image\":{\"@id\":\"https:\\\/\\\/dev4xc.wpenginepowered.com\\\/es\\\/acuity-signal-centre\\\/#primaryimage\"},\"thumbnailUrl\":\"https:\\\/\\\/dev4xc.wpenginepowered.com\\\/wp-content\\\/uploads\\\/2025\\\/02\\\/Acuity-Signal-Centre.png\",\"datePublished\":\"2024-07-23T10:46:35+00:00\",\"dateModified\":\"2026-01-07T12:37:32+00:00\",\"description\":\"Explora las se\u00f1ales premium potenciadas por IA con an\u00e1lisis de expertos, adaptadas a operadores de todos los niveles dentro del Centro de Se\u00f1ales.\",\"breadcrumb\":{\"@id\":\"https:\\\/\\\/dev4xc.wpenginepowered.com\\\/es\\\/acuity-signal-centre\\\/#breadcrumb\"},\"inLanguage\":\"es\",\"potentialAction\":[{\"@type\":\"ReadAction\",\"target\":[\"https:\\\/\\\/dev4xc.wpenginepowered.com\\\/es\\\/acuity-signal-centre\\\/\"]}]},{\"@type\":\"ImageObject\",\"inLanguage\":\"es\",\"@id\":\"https:\\\/\\\/dev4xc.wpenginepowered.com\\\/es\\\/acuity-signal-centre\\\/#primaryimage\",\"url\":\"https:\\\/\\\/dev4xc.wpenginepowered.com\\\/wp-content\\\/uploads\\\/2025\\\/02\\\/Acuity-Signal-Centre.png\",\"contentUrl\":\"https:\\\/\\\/dev4xc.wpenginepowered.com\\\/wp-content\\\/uploads\\\/2025\\\/02\\\/Acuity-Signal-Centre.png\",\"width\":1800,\"height\":945},{\"@type\":\"BreadcrumbList\",\"@id\":\"https:\\\/\\\/dev4xc.wpenginepowered.com\\\/es\\\/acuity-signal-centre\\\/#breadcrumb\",\"itemListElement\":[{\"@type\":\"ListItem\",\"position\":1,\"name\":\"Home\",\"item\":\"https:\\\/\\\/dev4xc.wpenginepowered.com\\\/es\\\/\"},{\"@type\":\"ListItem\",\"position\":2,\"name\":\"Centro de Se\u00f1ales Acuity\"}]},{\"@type\":\"WebSite\",\"@id\":\"https:\\\/\\\/dev4xc.wpenginepowered.com\\\/#website\",\"url\":\"https:\\\/\\\/dev4xc.wpenginepowered.com\\\/\",\"name\":\"4XC\",\"description\":\"Forex Trading\",\"publisher\":{\"@id\":\"https:\\\/\\\/dev4xc.wpenginepowered.com\\\/#organization\"},\"potentialAction\":[{\"@type\":\"SearchAction\",\"target\":{\"@type\":\"EntryPoint\",\"urlTemplate\":\"https:\\\/\\\/dev4xc.wpenginepowered.com\\\/?s={search_term_string}\"},\"query-input\":{\"@type\":\"PropertyValueSpecification\",\"valueRequired\":true,\"valueName\":\"search_term_string\"}}],\"inLanguage\":\"es\"},{\"@type\":\"Organization\",\"@id\":\"https:\\\/\\\/dev4xc.wpenginepowered.com\\\/#organization\",\"name\":\"4XC\",\"url\":\"https:\\\/\\\/dev4xc.wpenginepowered.com\\\/\",\"logo\":{\"@type\":\"ImageObject\",\"inLanguage\":\"es\",\"@id\":\"https:\\\/\\\/dev4xc.wpenginepowered.com\\\/#\\\/schema\\\/logo\\\/image\\\/\",\"url\":\"https:\\\/\\\/dev4xc.wpenginepowered.com\\\/wp-content\\\/uploads\\\/2025\\\/02\\\/Homepage.png\",\"contentUrl\":\"https:\\\/\\\/dev4xc.wpenginepowered.com\\\/wp-content\\\/uploads\\\/2025\\\/02\\\/Homepage.png\",\"width\":1800,\"height\":945,\"caption\":\"4XC\"},\"image\":{\"@id\":\"https:\\\/\\\/dev4xc.wpenginepowered.com\\\/#\\\/schema\\\/logo\\\/image\\\/\"},\"sameAs\":[\"https:\\\/\\\/www.facebook.com\\\/4xcofficial\\\/\",\"https:\\\/\\\/x.com\\\/4xcofficial\",\"https:\\\/\\\/www.youtube.com\\\/channel\\\/UCKZd_2OQEITjDitnS9Kp9iQ\",\"https:\\\/\\\/www.linkedin.com\\\/company\\\/4xcofficial\",\"https:\\\/\\\/www.instagram.com\\\/4xcofficial\\\/\",\"https:\\\/\\\/t.me\\\/EN4XC\"]}]}<\/script>\n<!-- \/ Yoast SEO plugin. -->","yoast_head_json":{"title":"Centro de Se\u00f1ales Acuity | 4XC","description":"Explora las se\u00f1ales premium potenciadas por IA con an\u00e1lisis de expertos, adaptadas a operadores de todos los niveles dentro del Centro de Se\u00f1ales.","robots":{"index":"index","follow":"follow","max-snippet":"max-snippet:-1","max-image-preview":"max-image-preview:large","max-video-preview":"max-video-preview:-1"},"canonical":"https:\/\/dev4xc.wpenginepowered.com\/es\/acuity-signal-centre\/","schema":{"@context":"https:\/\/schema.org","@graph":[{"@type":"WebPage","@id":"https:\/\/dev4xc.wpenginepowered.com\/es\/acuity-signal-centre\/","url":"https:\/\/dev4xc.wpenginepowered.com\/es\/acuity-signal-centre\/","name":"Centro de Se\u00f1ales Acuity | 4XC","isPartOf":{"@id":"https:\/\/dev4xc.wpenginepowered.com\/#website"},"primaryImageOfPage":{"@id":"https:\/\/dev4xc.wpenginepowered.com\/es\/acuity-signal-centre\/#primaryimage"},"image":{"@id":"https:\/\/dev4xc.wpenginepowered.com\/es\/acuity-signal-centre\/#primaryimage"},"thumbnailUrl":"https:\/\/dev4xc.wpenginepowered.com\/wp-content\/uploads\/2025\/02\/Acuity-Signal-Centre.png","datePublished":"2024-07-23T10:46:35+00:00","dateModified":"2026-01-07T12:37:32+00:00","description":"Explora las se\u00f1ales premium potenciadas por IA con an\u00e1lisis de expertos, adaptadas a operadores de todos los niveles dentro del Centro de Se\u00f1ales.","breadcrumb":{"@id":"https:\/\/dev4xc.wpenginepowered.com\/es\/acuity-signal-centre\/#breadcrumb"},"inLanguage":"es","potentialAction":[{"@type":"ReadAction","target":["https:\/\/dev4xc.wpenginepowered.com\/es\/acuity-signal-centre\/"]}]},{"@type":"ImageObject","inLanguage":"es","@id":"https:\/\/dev4xc.wpenginepowered.com\/es\/acuity-signal-centre\/#primaryimage","url":"https:\/\/dev4xc.wpenginepowered.com\/wp-content\/uploads\/2025\/02\/Acuity-Signal-Centre.png","contentUrl":"https:\/\/dev4xc.wpenginepowered.com\/wp-content\/uploads\/2025\/02\/Acuity-Signal-Centre.png","width":1800,"height":945},{"@type":"BreadcrumbList","@id":"https:\/\/dev4xc.wpenginepowered.com\/es\/acuity-signal-centre\/#breadcrumb","itemListElement":[{"@type":"ListItem","position":1,"name":"Home","item":"https:\/\/dev4xc.wpenginepowered.com\/es\/"},{"@type":"ListItem","position":2,"name":"Centro de Se\u00f1ales Acuity"}]},{"@type":"WebSite","@id":"https:\/\/dev4xc.wpenginepowered.com\/#website","url":"https:\/\/dev4xc.wpenginepowered.com\/","name":"4XC","description":"Forex Trading","publisher":{"@id":"https:\/\/dev4xc.wpenginepowered.com\/#organization"},"potentialAction":[{"@type":"SearchAction","target":{"@type":"EntryPoint","urlTemplate":"https:\/\/dev4xc.wpenginepowered.com\/?s={search_term_string}"},"query-input":{"@type":"PropertyValueSpecification","valueRequired":true,"valueName":"search_term_string"}}],"inLanguage":"es"},{"@type":"Organization","@id":"https:\/\/dev4xc.wpenginepowered.com\/#organization","name":"4XC","url":"https:\/\/dev4xc.wpenginepowered.com\/","logo":{"@type":"ImageObject","inLanguage":"es","@id":"https:\/\/dev4xc.wpenginepowered.com\/#\/schema\/logo\/image\/","url":"https:\/\/dev4xc.wpenginepowered.com\/wp-content\/uploads\/2025\/02\/Homepage.png","contentUrl":"https:\/\/dev4xc.wpenginepowered.com\/wp-content\/uploads\/2025\/02\/Homepage.png","width":1800,"height":945,"caption":"4XC"},"image":{"@id":"https:\/\/dev4xc.wpenginepowered.com\/#\/schema\/logo\/image\/"},"sameAs":["https:\/\/www.facebook.com\/4xcofficial\/","https:\/\/x.com\/4xcofficial","https:\/\/www.youtube.com\/channel\/UCKZd_2OQEITjDitnS9Kp9iQ","https:\/\/www.linkedin.com\/company\/4xcofficial","https:\/\/www.instagram.com\/4xcofficial\/","https:\/\/t.me\/EN4XC"]}]}},"_links":{"self":[{"href":"https:\/\/dev4xc.wpenginepowered.com\/es\/wp-json\/wp\/v2\/pages\/52626","targetHints":{"allow":["GET"]}}],"collection":[{"href":"https:\/\/dev4xc.wpenginepowered.com\/es\/wp-json\/wp\/v2\/pages"}],"about":[{"href":"https:\/\/dev4xc.wpenginepowered.com\/es\/wp-json\/wp\/v2\/types\/page"}],"author":[{"embeddable":true,"href":"https:\/\/dev4xc.wpenginepowered.com\/es\/wp-json\/wp\/v2\/users\/1"}],"replies":[{"embeddable":true,"href":"https:\/\/dev4xc.wpenginepowered.com\/es\/wp-json\/wp\/v2\/comments?post=52626"}],"version-history":[{"count":0,"href":"https:\/\/dev4xc.wpenginepowered.com\/es\/wp-json\/wp\/v2\/pages\/52626\/revisions"}],"wp:featuredmedia":[{"embeddable":true,"href":"https:\/\/dev4xc.wpenginepowered.com\/es\/wp-json\/wp\/v2\/media\/52463"}],"wp:attachment":[{"href":"https:\/\/dev4xc.wpenginepowered.com\/es\/wp-json\/wp\/v2\/media?parent=52626"}],"curies":[{"name":"wp","href":"https:\/\/api.w.org\/{rel}","templated":true}]}}