
{"id":52636,"date":"2024-07-23T14:06:26","date_gmt":"2024-07-23T12:06:26","guid":{"rendered":"https:\/\/4xc.com\/noticias\/"},"modified":"2025-02-07T17:02:55","modified_gmt":"2025-02-07T15:02:55","slug":"news","status":"publish","type":"page","link":"https:\/\/dev4xc.wpenginepowered.com\/es\/news\/","title":{"rendered":"Noticias"},"content":{"rendered":"","protected":false},"excerpt":{"rendered":"","protected":false},"author":1,"featured_media":52551,"parent":0,"menu_order":0,"comment_status":"closed","ping_status":"closed","template":"page-templates\/news\/page-news.php","meta":{"footnotes":""},"class_list":["post-52636","page","type-page","status-publish","has-post-thumbnail","hentry"],"yoast_head":"<!-- This site is optimized with the Yoast SEO plugin v27.3 - https:\/\/yoast.com\/product\/yoast-seo-wordpress\/ -->\n<title>Noticias | 4XC<\/title>\n<meta name=\"description\" content=\"Mantente al d\u00eda de las \u00faltimas noticias de 4XC: inf\u00f3rmate sobre novedades, servicios, actualizaciones comerciales y oportunidades.\" \/>\n<meta name=\"robots\" content=\"index, follow, max-snippet:-1, max-image-preview:large, max-video-preview:-1\" \/>\n<link rel=\"canonical\" href=\"https:\/\/dev4xc.wpenginepowered.com\/es\/news\/\" \/>\n<script type=\"application\/ld+json\" class=\"yoast-schema-graph\">{\"@context\":\"https:\\\/\\\/schema.org\",\"@graph\":[{\"@type\":\"WebPage\",\"@id\":\"https:\\\/\\\/dev4xc.wpenginepowered.com\\\/es\\\/news\\\/\",\"url\":\"https:\\\/\\\/dev4xc.wpenginepowered.com\\\/es\\\/news\\\/\",\"name\":\"Noticias | 4XC\",\"isPartOf\":{\"@id\":\"https:\\\/\\\/dev4xc.wpenginepowered.com\\\/#website\"},\"primaryImageOfPage\":{\"@id\":\"https:\\\/\\\/dev4xc.wpenginepowered.com\\\/es\\\/news\\\/#primaryimage\"},\"image\":{\"@id\":\"https:\\\/\\\/dev4xc.wpenginepowered.com\\\/es\\\/news\\\/#primaryimage\"},\"thumbnailUrl\":\"https:\\\/\\\/dev4xc.wpenginepowered.com\\\/wp-content\\\/uploads\\\/2025\\\/02\\\/News.png\",\"datePublished\":\"2024-07-23T12:06:26+00:00\",\"dateModified\":\"2025-02-07T15:02:55+00:00\",\"description\":\"Mantente al d\u00eda de las \u00faltimas noticias de 4XC: inf\u00f3rmate sobre novedades, servicios, actualizaciones comerciales y oportunidades.\",\"breadcrumb\":{\"@id\":\"https:\\\/\\\/dev4xc.wpenginepowered.com\\\/es\\\/news\\\/#breadcrumb\"},\"inLanguage\":\"es\",\"potentialAction\":[{\"@type\":\"ReadAction\",\"target\":[\"https:\\\/\\\/dev4xc.wpenginepowered.com\\\/es\\\/news\\\/\"]}]},{\"@type\":\"ImageObject\",\"inLanguage\":\"es\",\"@id\":\"https:\\\/\\\/dev4xc.wpenginepowered.com\\\/es\\\/news\\\/#primaryimage\",\"url\":\"https:\\\/\\\/dev4xc.wpenginepowered.com\\\/wp-content\\\/uploads\\\/2025\\\/02\\\/News.png\",\"contentUrl\":\"https:\\\/\\\/dev4xc.wpenginepowered.com\\\/wp-content\\\/uploads\\\/2025\\\/02\\\/News.png\",\"width\":1800,\"height\":945},{\"@type\":\"BreadcrumbList\",\"@id\":\"https:\\\/\\\/dev4xc.wpenginepowered.com\\\/es\\\/news\\\/#breadcrumb\",\"itemListElement\":[{\"@type\":\"ListItem\",\"position\":1,\"name\":\"Home\",\"item\":\"https:\\\/\\\/dev4xc.wpenginepowered.com\\\/es\\\/\"},{\"@type\":\"ListItem\",\"position\":2,\"name\":\"Noticias\"}]},{\"@type\":\"WebSite\",\"@id\":\"https:\\\/\\\/dev4xc.wpenginepowered.com\\\/#website\",\"url\":\"https:\\\/\\\/dev4xc.wpenginepowered.com\\\/\",\"name\":\"4XC\",\"description\":\"Forex Trading\",\"publisher\":{\"@id\":\"https:\\\/\\\/dev4xc.wpenginepowered.com\\\/#organization\"},\"potentialAction\":[{\"@type\":\"SearchAction\",\"target\":{\"@type\":\"EntryPoint\",\"urlTemplate\":\"https:\\\/\\\/dev4xc.wpenginepowered.com\\\/?s={search_term_string}\"},\"query-input\":{\"@type\":\"PropertyValueSpecification\",\"valueRequired\":true,\"valueName\":\"search_term_string\"}}],\"inLanguage\":\"es\"},{\"@type\":\"Organization\",\"@id\":\"https:\\\/\\\/dev4xc.wpenginepowered.com\\\/#organization\",\"name\":\"4XC\",\"url\":\"https:\\\/\\\/dev4xc.wpenginepowered.com\\\/\",\"logo\":{\"@type\":\"ImageObject\",\"inLanguage\":\"es\",\"@id\":\"https:\\\/\\\/dev4xc.wpenginepowered.com\\\/#\\\/schema\\\/logo\\\/image\\\/\",\"url\":\"https:\\\/\\\/dev4xc.wpenginepowered.com\\\/wp-content\\\/uploads\\\/2025\\\/02\\\/Homepage.png\",\"contentUrl\":\"https:\\\/\\\/dev4xc.wpenginepowered.com\\\/wp-content\\\/uploads\\\/2025\\\/02\\\/Homepage.png\",\"width\":1800,\"height\":945,\"caption\":\"4XC\"},\"image\":{\"@id\":\"https:\\\/\\\/dev4xc.wpenginepowered.com\\\/#\\\/schema\\\/logo\\\/image\\\/\"},\"sameAs\":[\"https:\\\/\\\/www.facebook.com\\\/4xcofficial\\\/\",\"https:\\\/\\\/x.com\\\/4xcofficial\",\"https:\\\/\\\/www.youtube.com\\\/channel\\\/UCKZd_2OQEITjDitnS9Kp9iQ\",\"https:\\\/\\\/www.linkedin.com\\\/company\\\/4xcofficial\",\"https:\\\/\\\/www.instagram.com\\\/4xcofficial\\\/\",\"https:\\\/\\\/t.me\\\/EN4XC\"]}]}<\/script>\n<!-- \/ Yoast SEO plugin. -->","yoast_head_json":{"title":"Noticias | 4XC","description":"Mantente al d\u00eda de las \u00faltimas noticias de 4XC: inf\u00f3rmate sobre novedades, servicios, actualizaciones comerciales y oportunidades.","robots":{"index":"index","follow":"follow","max-snippet":"max-snippet:-1","max-image-preview":"max-image-preview:large","max-video-preview":"max-video-preview:-1"},"canonical":"https:\/\/dev4xc.wpenginepowered.com\/es\/news\/","schema":{"@context":"https:\/\/schema.org","@graph":[{"@type":"WebPage","@id":"https:\/\/dev4xc.wpenginepowered.com\/es\/news\/","url":"https:\/\/dev4xc.wpenginepowered.com\/es\/news\/","name":"Noticias | 4XC","isPartOf":{"@id":"https:\/\/dev4xc.wpenginepowered.com\/#website"},"primaryImageOfPage":{"@id":"https:\/\/dev4xc.wpenginepowered.com\/es\/news\/#primaryimage"},"image":{"@id":"https:\/\/dev4xc.wpenginepowered.com\/es\/news\/#primaryimage"},"thumbnailUrl":"https:\/\/dev4xc.wpenginepowered.com\/wp-content\/uploads\/2025\/02\/News.png","datePublished":"2024-07-23T12:06:26+00:00","dateModified":"2025-02-07T15:02:55+00:00","description":"Mantente al d\u00eda de las \u00faltimas noticias de 4XC: inf\u00f3rmate sobre novedades, servicios, actualizaciones comerciales y oportunidades.","breadcrumb":{"@id":"https:\/\/dev4xc.wpenginepowered.com\/es\/news\/#breadcrumb"},"inLanguage":"es","potentialAction":[{"@type":"ReadAction","target":["https:\/\/dev4xc.wpenginepowered.com\/es\/news\/"]}]},{"@type":"ImageObject","inLanguage":"es","@id":"https:\/\/dev4xc.wpenginepowered.com\/es\/news\/#primaryimage","url":"https:\/\/dev4xc.wpenginepowered.com\/wp-content\/uploads\/2025\/02\/News.png","contentUrl":"https:\/\/dev4xc.wpenginepowered.com\/wp-content\/uploads\/2025\/02\/News.png","width":1800,"height":945},{"@type":"BreadcrumbList","@id":"https:\/\/dev4xc.wpenginepowered.com\/es\/news\/#breadcrumb","itemListElement":[{"@type":"ListItem","position":1,"name":"Home","item":"https:\/\/dev4xc.wpenginepowered.com\/es\/"},{"@type":"ListItem","position":2,"name":"Noticias"}]},{"@type":"WebSite","@id":"https:\/\/dev4xc.wpenginepowered.com\/#website","url":"https:\/\/dev4xc.wpenginepowered.com\/","name":"4XC","description":"Forex Trading","publisher":{"@id":"https:\/\/dev4xc.wpenginepowered.com\/#organization"},"potentialAction":[{"@type":"SearchAction","target":{"@type":"EntryPoint","urlTemplate":"https:\/\/dev4xc.wpenginepowered.com\/?s={search_term_string}"},"query-input":{"@type":"PropertyValueSpecification","valueRequired":true,"valueName":"search_term_string"}}],"inLanguage":"es"},{"@type":"Organization","@id":"https:\/\/dev4xc.wpenginepowered.com\/#organization","name":"4XC","url":"https:\/\/dev4xc.wpenginepowered.com\/","logo":{"@type":"ImageObject","inLanguage":"es","@id":"https:\/\/dev4xc.wpenginepowered.com\/#\/schema\/logo\/image\/","url":"https:\/\/dev4xc.wpenginepowered.com\/wp-content\/uploads\/2025\/02\/Homepage.png","contentUrl":"https:\/\/dev4xc.wpenginepowered.com\/wp-content\/uploads\/2025\/02\/Homepage.png","width":1800,"height":945,"caption":"4XC"},"image":{"@id":"https:\/\/dev4xc.wpenginepowered.com\/#\/schema\/logo\/image\/"},"sameAs":["https:\/\/www.facebook.com\/4xcofficial\/","https:\/\/x.com\/4xcofficial","https:\/\/www.youtube.com\/channel\/UCKZd_2OQEITjDitnS9Kp9iQ","https:\/\/www.linkedin.com\/company\/4xcofficial","https:\/\/www.instagram.com\/4xcofficial\/","https:\/\/t.me\/EN4XC"]}]}},"_links":{"self":[{"href":"https:\/\/dev4xc.wpenginepowered.com\/es\/wp-json\/wp\/v2\/pages\/52636","targetHints":{"allow":["GET"]}}],"collection":[{"href":"https:\/\/dev4xc.wpenginepowered.com\/es\/wp-json\/wp\/v2\/pages"}],"about":[{"href":"https:\/\/dev4xc.wpenginepowered.com\/es\/wp-json\/wp\/v2\/types\/page"}],"author":[{"embeddable":true,"href":"https:\/\/dev4xc.wpenginepowered.com\/es\/wp-json\/wp\/v2\/users\/1"}],"replies":[{"embeddable":true,"href":"https:\/\/dev4xc.wpenginepowered.com\/es\/wp-json\/wp\/v2\/comments?post=52636"}],"version-history":[{"count":0,"href":"https:\/\/dev4xc.wpenginepowered.com\/es\/wp-json\/wp\/v2\/pages\/52636\/revisions"}],"wp:featuredmedia":[{"embeddable":true,"href":"https:\/\/dev4xc.wpenginepowered.com\/es\/wp-json\/wp\/v2\/media\/52551"}],"wp:attachment":[{"href":"https:\/\/dev4xc.wpenginepowered.com\/es\/wp-json\/wp\/v2\/media?parent=52636"}],"curies":[{"name":"wp","href":"https:\/\/api.w.org\/{rel}","templated":true}]}}