
{"id":52717,"date":"2024-07-23T13:45:46","date_gmt":"2024-07-23T11:45:46","guid":{"rendered":"https:\/\/4xc.com\/vision-general-de-los-instrumentos\/criptodivisas\/"},"modified":"2025-02-07T16:35:39","modified_gmt":"2025-02-07T14:35:39","slug":"cryptocurrencies","status":"publish","type":"page","link":"https:\/\/dev4xc.wpenginepowered.com\/es\/instruments\/cryptocurrencies\/","title":{"rendered":"Criptodivisas"},"content":{"rendered":"","protected":false},"excerpt":{"rendered":"","protected":false},"author":1,"featured_media":52483,"parent":52707,"menu_order":0,"comment_status":"closed","ping_status":"closed","template":"page-templates\/instruments\/page-cryptocurrencies.php","meta":{"footnotes":""},"class_list":["post-52717","page","type-page","status-publish","has-post-thumbnail","hentry"],"yoast_head":"<!-- This site is optimized with the Yoast SEO plugin v27.3 - https:\/\/yoast.com\/product\/yoast-seo-wordpress\/ -->\n<title>Criptodivisas | 4XC<\/title>\n<meta name=\"description\" content=\"Las mejores condiciones para operar con criptomonedas | Apalancamiento de hasta 1:500 | Ejecuci\u00f3n ultrarr\u00e1pida | Sin mesa de contrataci\u00f3n | Pago diario\" \/>\n<meta name=\"robots\" content=\"index, follow, max-snippet:-1, max-image-preview:large, max-video-preview:-1\" \/>\n<link rel=\"canonical\" href=\"https:\/\/dev4xc.wpenginepowered.com\/es\/instruments\/cryptocurrencies\/\" \/>\n<script type=\"application\/ld+json\" class=\"yoast-schema-graph\">{\"@context\":\"https:\\\/\\\/schema.org\",\"@graph\":[{\"@type\":\"WebPage\",\"@id\":\"https:\\\/\\\/dev4xc.wpenginepowered.com\\\/es\\\/instruments\\\/cryptocurrencies\\\/\",\"url\":\"https:\\\/\\\/dev4xc.wpenginepowered.com\\\/es\\\/instruments\\\/cryptocurrencies\\\/\",\"name\":\"Criptodivisas | 4XC\",\"isPartOf\":{\"@id\":\"https:\\\/\\\/dev4xc.wpenginepowered.com\\\/#website\"},\"primaryImageOfPage\":{\"@id\":\"https:\\\/\\\/dev4xc.wpenginepowered.com\\\/es\\\/instruments\\\/cryptocurrencies\\\/#primaryimage\"},\"image\":{\"@id\":\"https:\\\/\\\/dev4xc.wpenginepowered.com\\\/es\\\/instruments\\\/cryptocurrencies\\\/#primaryimage\"},\"thumbnailUrl\":\"https:\\\/\\\/dev4xc.wpenginepowered.com\\\/wp-content\\\/uploads\\\/2025\\\/02\\\/Cryptocurrency.png\",\"datePublished\":\"2024-07-23T11:45:46+00:00\",\"dateModified\":\"2025-02-07T14:35:39+00:00\",\"description\":\"Las mejores condiciones para operar con criptomonedas | Apalancamiento de hasta 1:500 | Ejecuci\u00f3n ultrarr\u00e1pida | Sin mesa de contrataci\u00f3n | Pago diario\",\"breadcrumb\":{\"@id\":\"https:\\\/\\\/dev4xc.wpenginepowered.com\\\/es\\\/instruments\\\/cryptocurrencies\\\/#breadcrumb\"},\"inLanguage\":\"es\",\"potentialAction\":[{\"@type\":\"ReadAction\",\"target\":[\"https:\\\/\\\/dev4xc.wpenginepowered.com\\\/es\\\/instruments\\\/cryptocurrencies\\\/\"]}]},{\"@type\":\"ImageObject\",\"inLanguage\":\"es\",\"@id\":\"https:\\\/\\\/dev4xc.wpenginepowered.com\\\/es\\\/instruments\\\/cryptocurrencies\\\/#primaryimage\",\"url\":\"https:\\\/\\\/dev4xc.wpenginepowered.com\\\/wp-content\\\/uploads\\\/2025\\\/02\\\/Cryptocurrency.png\",\"contentUrl\":\"https:\\\/\\\/dev4xc.wpenginepowered.com\\\/wp-content\\\/uploads\\\/2025\\\/02\\\/Cryptocurrency.png\",\"width\":1800,\"height\":945},{\"@type\":\"BreadcrumbList\",\"@id\":\"https:\\\/\\\/dev4xc.wpenginepowered.com\\\/es\\\/instruments\\\/cryptocurrencies\\\/#breadcrumb\",\"itemListElement\":[{\"@type\":\"ListItem\",\"position\":1,\"name\":\"Home\",\"item\":\"https:\\\/\\\/dev4xc.wpenginepowered.com\\\/es\\\/\"},{\"@type\":\"ListItem\",\"position\":2,\"name\":\"Descripci\u00f3n de Instrumentos\",\"item\":\"https:\\\/\\\/dev4xc.wpenginepowered.com\\\/es\\\/instruments\\\/\"},{\"@type\":\"ListItem\",\"position\":3,\"name\":\"Criptodivisas\"}]},{\"@type\":\"WebSite\",\"@id\":\"https:\\\/\\\/dev4xc.wpenginepowered.com\\\/#website\",\"url\":\"https:\\\/\\\/dev4xc.wpenginepowered.com\\\/\",\"name\":\"4XC\",\"description\":\"Forex Trading\",\"publisher\":{\"@id\":\"https:\\\/\\\/dev4xc.wpenginepowered.com\\\/#organization\"},\"potentialAction\":[{\"@type\":\"SearchAction\",\"target\":{\"@type\":\"EntryPoint\",\"urlTemplate\":\"https:\\\/\\\/dev4xc.wpenginepowered.com\\\/?s={search_term_string}\"},\"query-input\":{\"@type\":\"PropertyValueSpecification\",\"valueRequired\":true,\"valueName\":\"search_term_string\"}}],\"inLanguage\":\"es\"},{\"@type\":\"Organization\",\"@id\":\"https:\\\/\\\/dev4xc.wpenginepowered.com\\\/#organization\",\"name\":\"4XC\",\"url\":\"https:\\\/\\\/dev4xc.wpenginepowered.com\\\/\",\"logo\":{\"@type\":\"ImageObject\",\"inLanguage\":\"es\",\"@id\":\"https:\\\/\\\/dev4xc.wpenginepowered.com\\\/#\\\/schema\\\/logo\\\/image\\\/\",\"url\":\"https:\\\/\\\/dev4xc.wpenginepowered.com\\\/wp-content\\\/uploads\\\/2025\\\/02\\\/Homepage.png\",\"contentUrl\":\"https:\\\/\\\/dev4xc.wpenginepowered.com\\\/wp-content\\\/uploads\\\/2025\\\/02\\\/Homepage.png\",\"width\":1800,\"height\":945,\"caption\":\"4XC\"},\"image\":{\"@id\":\"https:\\\/\\\/dev4xc.wpenginepowered.com\\\/#\\\/schema\\\/logo\\\/image\\\/\"},\"sameAs\":[\"https:\\\/\\\/www.facebook.com\\\/4xcofficial\\\/\",\"https:\\\/\\\/x.com\\\/4xcofficial\",\"https:\\\/\\\/www.youtube.com\\\/channel\\\/UCKZd_2OQEITjDitnS9Kp9iQ\",\"https:\\\/\\\/www.linkedin.com\\\/company\\\/4xcofficial\",\"https:\\\/\\\/www.instagram.com\\\/4xcofficial\\\/\",\"https:\\\/\\\/t.me\\\/EN4XC\"]}]}<\/script>\n<!-- \/ Yoast SEO plugin. -->","yoast_head_json":{"title":"Criptodivisas | 4XC","description":"Las mejores condiciones para operar con criptomonedas | Apalancamiento de hasta 1:500 | Ejecuci\u00f3n ultrarr\u00e1pida | Sin mesa de contrataci\u00f3n | Pago diario","robots":{"index":"index","follow":"follow","max-snippet":"max-snippet:-1","max-image-preview":"max-image-preview:large","max-video-preview":"max-video-preview:-1"},"canonical":"https:\/\/dev4xc.wpenginepowered.com\/es\/instruments\/cryptocurrencies\/","schema":{"@context":"https:\/\/schema.org","@graph":[{"@type":"WebPage","@id":"https:\/\/dev4xc.wpenginepowered.com\/es\/instruments\/cryptocurrencies\/","url":"https:\/\/dev4xc.wpenginepowered.com\/es\/instruments\/cryptocurrencies\/","name":"Criptodivisas | 4XC","isPartOf":{"@id":"https:\/\/dev4xc.wpenginepowered.com\/#website"},"primaryImageOfPage":{"@id":"https:\/\/dev4xc.wpenginepowered.com\/es\/instruments\/cryptocurrencies\/#primaryimage"},"image":{"@id":"https:\/\/dev4xc.wpenginepowered.com\/es\/instruments\/cryptocurrencies\/#primaryimage"},"thumbnailUrl":"https:\/\/dev4xc.wpenginepowered.com\/wp-content\/uploads\/2025\/02\/Cryptocurrency.png","datePublished":"2024-07-23T11:45:46+00:00","dateModified":"2025-02-07T14:35:39+00:00","description":"Las mejores condiciones para operar con criptomonedas | Apalancamiento de hasta 1:500 | Ejecuci\u00f3n ultrarr\u00e1pida | Sin mesa de contrataci\u00f3n | Pago diario","breadcrumb":{"@id":"https:\/\/dev4xc.wpenginepowered.com\/es\/instruments\/cryptocurrencies\/#breadcrumb"},"inLanguage":"es","potentialAction":[{"@type":"ReadAction","target":["https:\/\/dev4xc.wpenginepowered.com\/es\/instruments\/cryptocurrencies\/"]}]},{"@type":"ImageObject","inLanguage":"es","@id":"https:\/\/dev4xc.wpenginepowered.com\/es\/instruments\/cryptocurrencies\/#primaryimage","url":"https:\/\/dev4xc.wpenginepowered.com\/wp-content\/uploads\/2025\/02\/Cryptocurrency.png","contentUrl":"https:\/\/dev4xc.wpenginepowered.com\/wp-content\/uploads\/2025\/02\/Cryptocurrency.png","width":1800,"height":945},{"@type":"BreadcrumbList","@id":"https:\/\/dev4xc.wpenginepowered.com\/es\/instruments\/cryptocurrencies\/#breadcrumb","itemListElement":[{"@type":"ListItem","position":1,"name":"Home","item":"https:\/\/dev4xc.wpenginepowered.com\/es\/"},{"@type":"ListItem","position":2,"name":"Descripci\u00f3n de Instrumentos","item":"https:\/\/dev4xc.wpenginepowered.com\/es\/instruments\/"},{"@type":"ListItem","position":3,"name":"Criptodivisas"}]},{"@type":"WebSite","@id":"https:\/\/dev4xc.wpenginepowered.com\/#website","url":"https:\/\/dev4xc.wpenginepowered.com\/","name":"4XC","description":"Forex Trading","publisher":{"@id":"https:\/\/dev4xc.wpenginepowered.com\/#organization"},"potentialAction":[{"@type":"SearchAction","target":{"@type":"EntryPoint","urlTemplate":"https:\/\/dev4xc.wpenginepowered.com\/?s={search_term_string}"},"query-input":{"@type":"PropertyValueSpecification","valueRequired":true,"valueName":"search_term_string"}}],"inLanguage":"es"},{"@type":"Organization","@id":"https:\/\/dev4xc.wpenginepowered.com\/#organization","name":"4XC","url":"https:\/\/dev4xc.wpenginepowered.com\/","logo":{"@type":"ImageObject","inLanguage":"es","@id":"https:\/\/dev4xc.wpenginepowered.com\/#\/schema\/logo\/image\/","url":"https:\/\/dev4xc.wpenginepowered.com\/wp-content\/uploads\/2025\/02\/Homepage.png","contentUrl":"https:\/\/dev4xc.wpenginepowered.com\/wp-content\/uploads\/2025\/02\/Homepage.png","width":1800,"height":945,"caption":"4XC"},"image":{"@id":"https:\/\/dev4xc.wpenginepowered.com\/#\/schema\/logo\/image\/"},"sameAs":["https:\/\/www.facebook.com\/4xcofficial\/","https:\/\/x.com\/4xcofficial","https:\/\/www.youtube.com\/channel\/UCKZd_2OQEITjDitnS9Kp9iQ","https:\/\/www.linkedin.com\/company\/4xcofficial","https:\/\/www.instagram.com\/4xcofficial\/","https:\/\/t.me\/EN4XC"]}]}},"_links":{"self":[{"href":"https:\/\/dev4xc.wpenginepowered.com\/es\/wp-json\/wp\/v2\/pages\/52717","targetHints":{"allow":["GET"]}}],"collection":[{"href":"https:\/\/dev4xc.wpenginepowered.com\/es\/wp-json\/wp\/v2\/pages"}],"about":[{"href":"https:\/\/dev4xc.wpenginepowered.com\/es\/wp-json\/wp\/v2\/types\/page"}],"author":[{"embeddable":true,"href":"https:\/\/dev4xc.wpenginepowered.com\/es\/wp-json\/wp\/v2\/users\/1"}],"replies":[{"embeddable":true,"href":"https:\/\/dev4xc.wpenginepowered.com\/es\/wp-json\/wp\/v2\/comments?post=52717"}],"version-history":[{"count":0,"href":"https:\/\/dev4xc.wpenginepowered.com\/es\/wp-json\/wp\/v2\/pages\/52717\/revisions"}],"up":[{"embeddable":true,"href":"https:\/\/dev4xc.wpenginepowered.com\/es\/wp-json\/wp\/v2\/pages\/52707"}],"wp:featuredmedia":[{"embeddable":true,"href":"https:\/\/dev4xc.wpenginepowered.com\/es\/wp-json\/wp\/v2\/media\/52483"}],"wp:attachment":[{"href":"https:\/\/dev4xc.wpenginepowered.com\/es\/wp-json\/wp\/v2\/media?parent=52717"}],"curies":[{"name":"wp","href":"https:\/\/api.w.org\/{rel}","templated":true}]}}