
{"id":52598,"date":"2024-07-23T13:45:46","date_gmt":"2024-07-23T11:45:46","guid":{"rendered":"https:\/\/4xc.com\/visao-geral-das-contas\/conta-pro\/"},"modified":"2025-02-07T16:03:55","modified_gmt":"2025-02-07T14:03:55","slug":"pro","status":"publish","type":"page","link":"https:\/\/dev4xc.wpenginepowered.com\/pt-br\/accounts\/pro\/","title":{"rendered":"Conta Pro"},"content":{"rendered":"","protected":false},"excerpt":{"rendered":"","protected":false},"author":1,"featured_media":52558,"parent":52595,"menu_order":0,"comment_status":"closed","ping_status":"closed","template":"page-templates\/accounts\/pro-account.php","meta":{"footnotes":""},"class_list":["post-52598","page","type-page","status-publish","has-post-thumbnail","hentry"],"yoast_head":"<!-- This site is optimized with the Yoast SEO plugin v27.3 - https:\/\/yoast.com\/product\/yoast-seo-wordpress\/ -->\n<title>Conta Pro | 4XC<\/title>\n<meta name=\"description\" content=\"Conta PRO | Apropriada para todos os tipos de operadores e investidores, com execu\u00e7\u00e3o super r\u00e1pida, spreads ultra-estreitos e alavancagem m\u00e1xima de 1:500.\" \/>\n<meta name=\"robots\" content=\"index, follow, max-snippet:-1, max-image-preview:large, max-video-preview:-1\" \/>\n<link rel=\"canonical\" href=\"https:\/\/dev4xc.wpenginepowered.com\/pt-br\/accounts\/pro\/\" \/>\n<script type=\"application\/ld+json\" class=\"yoast-schema-graph\">{\"@context\":\"https:\\\/\\\/schema.org\",\"@graph\":[{\"@type\":\"WebPage\",\"@id\":\"https:\\\/\\\/dev4xc.wpenginepowered.com\\\/pt-br\\\/accounts\\\/pro\\\/\",\"url\":\"https:\\\/\\\/dev4xc.wpenginepowered.com\\\/pt-br\\\/accounts\\\/pro\\\/\",\"name\":\"Conta Pro | 4XC\",\"isPartOf\":{\"@id\":\"https:\\\/\\\/dev4xc.wpenginepowered.com\\\/#website\"},\"primaryImageOfPage\":{\"@id\":\"https:\\\/\\\/dev4xc.wpenginepowered.com\\\/pt-br\\\/accounts\\\/pro\\\/#primaryimage\"},\"image\":{\"@id\":\"https:\\\/\\\/dev4xc.wpenginepowered.com\\\/pt-br\\\/accounts\\\/pro\\\/#primaryimage\"},\"thumbnailUrl\":\"https:\\\/\\\/dev4xc.wpenginepowered.com\\\/wp-content\\\/uploads\\\/2025\\\/02\\\/Pro-Account.png\",\"datePublished\":\"2024-07-23T11:45:46+00:00\",\"dateModified\":\"2025-02-07T14:03:55+00:00\",\"description\":\"Conta PRO | Apropriada para todos os tipos de operadores e investidores, com execu\u00e7\u00e3o super r\u00e1pida, spreads ultra-estreitos e alavancagem m\u00e1xima de 1:500.\",\"breadcrumb\":{\"@id\":\"https:\\\/\\\/dev4xc.wpenginepowered.com\\\/pt-br\\\/accounts\\\/pro\\\/#breadcrumb\"},\"inLanguage\":\"pt-BR\",\"potentialAction\":[{\"@type\":\"ReadAction\",\"target\":[\"https:\\\/\\\/dev4xc.wpenginepowered.com\\\/pt-br\\\/accounts\\\/pro\\\/\"]}]},{\"@type\":\"ImageObject\",\"inLanguage\":\"pt-BR\",\"@id\":\"https:\\\/\\\/dev4xc.wpenginepowered.com\\\/pt-br\\\/accounts\\\/pro\\\/#primaryimage\",\"url\":\"https:\\\/\\\/dev4xc.wpenginepowered.com\\\/wp-content\\\/uploads\\\/2025\\\/02\\\/Pro-Account.png\",\"contentUrl\":\"https:\\\/\\\/dev4xc.wpenginepowered.com\\\/wp-content\\\/uploads\\\/2025\\\/02\\\/Pro-Account.png\",\"width\":1800,\"height\":945},{\"@type\":\"BreadcrumbList\",\"@id\":\"https:\\\/\\\/dev4xc.wpenginepowered.com\\\/pt-br\\\/accounts\\\/pro\\\/#breadcrumb\",\"itemListElement\":[{\"@type\":\"ListItem\",\"position\":1,\"name\":\"Home\",\"item\":\"https:\\\/\\\/dev4xc.wpenginepowered.com\\\/pt-br\\\/\"},{\"@type\":\"ListItem\",\"position\":2,\"name\":\"Vis\u00e3o Geral das Contas\",\"item\":\"https:\\\/\\\/dev4xc.wpenginepowered.com\\\/pt-br\\\/accounts\\\/\"},{\"@type\":\"ListItem\",\"position\":3,\"name\":\"Conta Pro\"}]},{\"@type\":\"WebSite\",\"@id\":\"https:\\\/\\\/dev4xc.wpenginepowered.com\\\/#website\",\"url\":\"https:\\\/\\\/dev4xc.wpenginepowered.com\\\/\",\"name\":\"4XC\",\"description\":\"Forex Trading\",\"publisher\":{\"@id\":\"https:\\\/\\\/dev4xc.wpenginepowered.com\\\/#organization\"},\"potentialAction\":[{\"@type\":\"SearchAction\",\"target\":{\"@type\":\"EntryPoint\",\"urlTemplate\":\"https:\\\/\\\/dev4xc.wpenginepowered.com\\\/?s={search_term_string}\"},\"query-input\":{\"@type\":\"PropertyValueSpecification\",\"valueRequired\":true,\"valueName\":\"search_term_string\"}}],\"inLanguage\":\"pt-BR\"},{\"@type\":\"Organization\",\"@id\":\"https:\\\/\\\/dev4xc.wpenginepowered.com\\\/#organization\",\"name\":\"4XC\",\"url\":\"https:\\\/\\\/dev4xc.wpenginepowered.com\\\/\",\"logo\":{\"@type\":\"ImageObject\",\"inLanguage\":\"pt-BR\",\"@id\":\"https:\\\/\\\/dev4xc.wpenginepowered.com\\\/#\\\/schema\\\/logo\\\/image\\\/\",\"url\":\"https:\\\/\\\/dev4xc.wpenginepowered.com\\\/wp-content\\\/uploads\\\/2025\\\/02\\\/Homepage.png\",\"contentUrl\":\"https:\\\/\\\/dev4xc.wpenginepowered.com\\\/wp-content\\\/uploads\\\/2025\\\/02\\\/Homepage.png\",\"width\":1800,\"height\":945,\"caption\":\"4XC\"},\"image\":{\"@id\":\"https:\\\/\\\/dev4xc.wpenginepowered.com\\\/#\\\/schema\\\/logo\\\/image\\\/\"},\"sameAs\":[\"https:\\\/\\\/www.facebook.com\\\/4xcofficial\\\/\",\"https:\\\/\\\/x.com\\\/4xcofficial\",\"https:\\\/\\\/www.youtube.com\\\/channel\\\/UCKZd_2OQEITjDitnS9Kp9iQ\",\"https:\\\/\\\/www.linkedin.com\\\/company\\\/4xcofficial\",\"https:\\\/\\\/www.instagram.com\\\/4xcofficial\\\/\",\"https:\\\/\\\/t.me\\\/EN4XC\"]}]}<\/script>\n<!-- \/ Yoast SEO plugin. -->","yoast_head_json":{"title":"Conta Pro | 4XC","description":"Conta PRO | Apropriada para todos os tipos de operadores e investidores, com execu\u00e7\u00e3o super r\u00e1pida, spreads ultra-estreitos e alavancagem m\u00e1xima de 1:500.","robots":{"index":"index","follow":"follow","max-snippet":"max-snippet:-1","max-image-preview":"max-image-preview:large","max-video-preview":"max-video-preview:-1"},"canonical":"https:\/\/dev4xc.wpenginepowered.com\/pt-br\/accounts\/pro\/","schema":{"@context":"https:\/\/schema.org","@graph":[{"@type":"WebPage","@id":"https:\/\/dev4xc.wpenginepowered.com\/pt-br\/accounts\/pro\/","url":"https:\/\/dev4xc.wpenginepowered.com\/pt-br\/accounts\/pro\/","name":"Conta Pro | 4XC","isPartOf":{"@id":"https:\/\/dev4xc.wpenginepowered.com\/#website"},"primaryImageOfPage":{"@id":"https:\/\/dev4xc.wpenginepowered.com\/pt-br\/accounts\/pro\/#primaryimage"},"image":{"@id":"https:\/\/dev4xc.wpenginepowered.com\/pt-br\/accounts\/pro\/#primaryimage"},"thumbnailUrl":"https:\/\/dev4xc.wpenginepowered.com\/wp-content\/uploads\/2025\/02\/Pro-Account.png","datePublished":"2024-07-23T11:45:46+00:00","dateModified":"2025-02-07T14:03:55+00:00","description":"Conta PRO | Apropriada para todos os tipos de operadores e investidores, com execu\u00e7\u00e3o super r\u00e1pida, spreads ultra-estreitos e alavancagem m\u00e1xima de 1:500.","breadcrumb":{"@id":"https:\/\/dev4xc.wpenginepowered.com\/pt-br\/accounts\/pro\/#breadcrumb"},"inLanguage":"pt-BR","potentialAction":[{"@type":"ReadAction","target":["https:\/\/dev4xc.wpenginepowered.com\/pt-br\/accounts\/pro\/"]}]},{"@type":"ImageObject","inLanguage":"pt-BR","@id":"https:\/\/dev4xc.wpenginepowered.com\/pt-br\/accounts\/pro\/#primaryimage","url":"https:\/\/dev4xc.wpenginepowered.com\/wp-content\/uploads\/2025\/02\/Pro-Account.png","contentUrl":"https:\/\/dev4xc.wpenginepowered.com\/wp-content\/uploads\/2025\/02\/Pro-Account.png","width":1800,"height":945},{"@type":"BreadcrumbList","@id":"https:\/\/dev4xc.wpenginepowered.com\/pt-br\/accounts\/pro\/#breadcrumb","itemListElement":[{"@type":"ListItem","position":1,"name":"Home","item":"https:\/\/dev4xc.wpenginepowered.com\/pt-br\/"},{"@type":"ListItem","position":2,"name":"Vis\u00e3o Geral das Contas","item":"https:\/\/dev4xc.wpenginepowered.com\/pt-br\/accounts\/"},{"@type":"ListItem","position":3,"name":"Conta Pro"}]},{"@type":"WebSite","@id":"https:\/\/dev4xc.wpenginepowered.com\/#website","url":"https:\/\/dev4xc.wpenginepowered.com\/","name":"4XC","description":"Forex Trading","publisher":{"@id":"https:\/\/dev4xc.wpenginepowered.com\/#organization"},"potentialAction":[{"@type":"SearchAction","target":{"@type":"EntryPoint","urlTemplate":"https:\/\/dev4xc.wpenginepowered.com\/?s={search_term_string}"},"query-input":{"@type":"PropertyValueSpecification","valueRequired":true,"valueName":"search_term_string"}}],"inLanguage":"pt-BR"},{"@type":"Organization","@id":"https:\/\/dev4xc.wpenginepowered.com\/#organization","name":"4XC","url":"https:\/\/dev4xc.wpenginepowered.com\/","logo":{"@type":"ImageObject","inLanguage":"pt-BR","@id":"https:\/\/dev4xc.wpenginepowered.com\/#\/schema\/logo\/image\/","url":"https:\/\/dev4xc.wpenginepowered.com\/wp-content\/uploads\/2025\/02\/Homepage.png","contentUrl":"https:\/\/dev4xc.wpenginepowered.com\/wp-content\/uploads\/2025\/02\/Homepage.png","width":1800,"height":945,"caption":"4XC"},"image":{"@id":"https:\/\/dev4xc.wpenginepowered.com\/#\/schema\/logo\/image\/"},"sameAs":["https:\/\/www.facebook.com\/4xcofficial\/","https:\/\/x.com\/4xcofficial","https:\/\/www.youtube.com\/channel\/UCKZd_2OQEITjDitnS9Kp9iQ","https:\/\/www.linkedin.com\/company\/4xcofficial","https:\/\/www.instagram.com\/4xcofficial\/","https:\/\/t.me\/EN4XC"]}]}},"_links":{"self":[{"href":"https:\/\/dev4xc.wpenginepowered.com\/pt-br\/wp-json\/wp\/v2\/pages\/52598","targetHints":{"allow":["GET"]}}],"collection":[{"href":"https:\/\/dev4xc.wpenginepowered.com\/pt-br\/wp-json\/wp\/v2\/pages"}],"about":[{"href":"https:\/\/dev4xc.wpenginepowered.com\/pt-br\/wp-json\/wp\/v2\/types\/page"}],"author":[{"embeddable":true,"href":"https:\/\/dev4xc.wpenginepowered.com\/pt-br\/wp-json\/wp\/v2\/users\/1"}],"replies":[{"embeddable":true,"href":"https:\/\/dev4xc.wpenginepowered.com\/pt-br\/wp-json\/wp\/v2\/comments?post=52598"}],"version-history":[{"count":0,"href":"https:\/\/dev4xc.wpenginepowered.com\/pt-br\/wp-json\/wp\/v2\/pages\/52598\/revisions"}],"up":[{"embeddable":true,"href":"https:\/\/dev4xc.wpenginepowered.com\/pt-br\/wp-json\/wp\/v2\/pages\/52595"}],"wp:featuredmedia":[{"embeddable":true,"href":"https:\/\/dev4xc.wpenginepowered.com\/pt-br\/wp-json\/wp\/v2\/media\/52558"}],"wp:attachment":[{"href":"https:\/\/dev4xc.wpenginepowered.com\/pt-br\/wp-json\/wp\/v2\/media?parent=52598"}],"curies":[{"name":"wp","href":"https:\/\/api.w.org\/{rel}","templated":true}]}}