
{"id":52613,"date":"2024-07-23T13:45:46","date_gmt":"2024-07-23T11:45:46","guid":{"rendered":"https:\/\/4xc.com\/metatrader-4\/"},"modified":"2025-02-07T16:05:37","modified_gmt":"2025-02-07T14:05:37","slug":"mt4","status":"publish","type":"page","link":"https:\/\/dev4xc.wpenginepowered.com\/pt-br\/trading-platforms\/mt4\/","title":{"rendered":"MetaTrader 4"},"content":{"rendered":"","protected":false},"excerpt":{"rendered":"","protected":false},"author":2,"featured_media":52542,"parent":52674,"menu_order":0,"comment_status":"closed","ping_status":"closed","template":"page-templates\/platforms\/page-mt4.php","meta":{"footnotes":""},"class_list":["post-52613","page","type-page","status-publish","has-post-thumbnail","hentry"],"yoast_head":"<!-- This site is optimized with the Yoast SEO plugin v27.3 - https:\/\/yoast.com\/product\/yoast-seo-wordpress\/ -->\n<title>Fa\u00e7a o download do MT4 | 4XC<\/title>\n<meta name=\"description\" content=\"Baixe o MetaTrader 4 para seu PC, iOS, Android ou Mac - a plataforma de negocia\u00e7\u00e3o mais poderosa e padr\u00e3o do setor para negocia\u00e7\u00e3o de Forex e CFDs.\" \/>\n<meta name=\"robots\" content=\"index, follow, max-snippet:-1, max-image-preview:large, max-video-preview:-1\" \/>\n<link rel=\"canonical\" href=\"https:\/\/dev4xc.wpenginepowered.com\/pt-br\/trading-platforms\/mt4\/\" \/>\n<script type=\"application\/ld+json\" class=\"yoast-schema-graph\">{\"@context\":\"https:\\\/\\\/schema.org\",\"@graph\":[{\"@type\":\"WebPage\",\"@id\":\"https:\\\/\\\/dev4xc.wpenginepowered.com\\\/pt-br\\\/trading-platforms\\\/mt4\\\/\",\"url\":\"https:\\\/\\\/dev4xc.wpenginepowered.com\\\/pt-br\\\/trading-platforms\\\/mt4\\\/\",\"name\":\"Fa\u00e7a o download do MT4 | 4XC\",\"isPartOf\":{\"@id\":\"https:\\\/\\\/dev4xc.wpenginepowered.com\\\/#website\"},\"primaryImageOfPage\":{\"@id\":\"https:\\\/\\\/dev4xc.wpenginepowered.com\\\/pt-br\\\/trading-platforms\\\/mt4\\\/#primaryimage\"},\"image\":{\"@id\":\"https:\\\/\\\/dev4xc.wpenginepowered.com\\\/pt-br\\\/trading-platforms\\\/mt4\\\/#primaryimage\"},\"thumbnailUrl\":\"https:\\\/\\\/dev4xc.wpenginepowered.com\\\/wp-content\\\/uploads\\\/2025\\\/02\\\/Metatrader-4.png\",\"datePublished\":\"2024-07-23T11:45:46+00:00\",\"dateModified\":\"2025-02-07T14:05:37+00:00\",\"description\":\"Baixe o MetaTrader 4 para seu PC, iOS, Android ou Mac - a plataforma de negocia\u00e7\u00e3o mais poderosa e padr\u00e3o do setor para negocia\u00e7\u00e3o de Forex e CFDs.\",\"breadcrumb\":{\"@id\":\"https:\\\/\\\/dev4xc.wpenginepowered.com\\\/pt-br\\\/trading-platforms\\\/mt4\\\/#breadcrumb\"},\"inLanguage\":\"pt-BR\",\"potentialAction\":[{\"@type\":\"ReadAction\",\"target\":[\"https:\\\/\\\/dev4xc.wpenginepowered.com\\\/pt-br\\\/trading-platforms\\\/mt4\\\/\"]}]},{\"@type\":\"ImageObject\",\"inLanguage\":\"pt-BR\",\"@id\":\"https:\\\/\\\/dev4xc.wpenginepowered.com\\\/pt-br\\\/trading-platforms\\\/mt4\\\/#primaryimage\",\"url\":\"https:\\\/\\\/dev4xc.wpenginepowered.com\\\/wp-content\\\/uploads\\\/2025\\\/02\\\/Metatrader-4.png\",\"contentUrl\":\"https:\\\/\\\/dev4xc.wpenginepowered.com\\\/wp-content\\\/uploads\\\/2025\\\/02\\\/Metatrader-4.png\",\"width\":1800,\"height\":945},{\"@type\":\"BreadcrumbList\",\"@id\":\"https:\\\/\\\/dev4xc.wpenginepowered.com\\\/pt-br\\\/trading-platforms\\\/mt4\\\/#breadcrumb\",\"itemListElement\":[{\"@type\":\"ListItem\",\"position\":1,\"name\":\"Home\",\"item\":\"https:\\\/\\\/dev4xc.wpenginepowered.com\\\/pt-br\\\/\"},{\"@type\":\"ListItem\",\"position\":2,\"name\":\"Plataformas de Negocia\u00e7\u00e3o\",\"item\":\"https:\\\/\\\/dev4xc.wpenginepowered.com\\\/pt-br\\\/trading-platforms\\\/\"},{\"@type\":\"ListItem\",\"position\":3,\"name\":\"MetaTrader 4\"}]},{\"@type\":\"WebSite\",\"@id\":\"https:\\\/\\\/dev4xc.wpenginepowered.com\\\/#website\",\"url\":\"https:\\\/\\\/dev4xc.wpenginepowered.com\\\/\",\"name\":\"4XC\",\"description\":\"Forex Trading\",\"publisher\":{\"@id\":\"https:\\\/\\\/dev4xc.wpenginepowered.com\\\/#organization\"},\"potentialAction\":[{\"@type\":\"SearchAction\",\"target\":{\"@type\":\"EntryPoint\",\"urlTemplate\":\"https:\\\/\\\/dev4xc.wpenginepowered.com\\\/?s={search_term_string}\"},\"query-input\":{\"@type\":\"PropertyValueSpecification\",\"valueRequired\":true,\"valueName\":\"search_term_string\"}}],\"inLanguage\":\"pt-BR\"},{\"@type\":\"Organization\",\"@id\":\"https:\\\/\\\/dev4xc.wpenginepowered.com\\\/#organization\",\"name\":\"4XC\",\"url\":\"https:\\\/\\\/dev4xc.wpenginepowered.com\\\/\",\"logo\":{\"@type\":\"ImageObject\",\"inLanguage\":\"pt-BR\",\"@id\":\"https:\\\/\\\/dev4xc.wpenginepowered.com\\\/#\\\/schema\\\/logo\\\/image\\\/\",\"url\":\"https:\\\/\\\/dev4xc.wpenginepowered.com\\\/wp-content\\\/uploads\\\/2025\\\/02\\\/Homepage.png\",\"contentUrl\":\"https:\\\/\\\/dev4xc.wpenginepowered.com\\\/wp-content\\\/uploads\\\/2025\\\/02\\\/Homepage.png\",\"width\":1800,\"height\":945,\"caption\":\"4XC\"},\"image\":{\"@id\":\"https:\\\/\\\/dev4xc.wpenginepowered.com\\\/#\\\/schema\\\/logo\\\/image\\\/\"},\"sameAs\":[\"https:\\\/\\\/www.facebook.com\\\/4xcofficial\\\/\",\"https:\\\/\\\/x.com\\\/4xcofficial\",\"https:\\\/\\\/www.youtube.com\\\/channel\\\/UCKZd_2OQEITjDitnS9Kp9iQ\",\"https:\\\/\\\/www.linkedin.com\\\/company\\\/4xcofficial\",\"https:\\\/\\\/www.instagram.com\\\/4xcofficial\\\/\",\"https:\\\/\\\/t.me\\\/EN4XC\"]}]}<\/script>\n<!-- \/ Yoast SEO plugin. -->","yoast_head_json":{"title":"Fa\u00e7a o download do MT4 | 4XC","description":"Baixe o MetaTrader 4 para seu PC, iOS, Android ou Mac - a plataforma de negocia\u00e7\u00e3o mais poderosa e padr\u00e3o do setor para negocia\u00e7\u00e3o de Forex e CFDs.","robots":{"index":"index","follow":"follow","max-snippet":"max-snippet:-1","max-image-preview":"max-image-preview:large","max-video-preview":"max-video-preview:-1"},"canonical":"https:\/\/dev4xc.wpenginepowered.com\/pt-br\/trading-platforms\/mt4\/","schema":{"@context":"https:\/\/schema.org","@graph":[{"@type":"WebPage","@id":"https:\/\/dev4xc.wpenginepowered.com\/pt-br\/trading-platforms\/mt4\/","url":"https:\/\/dev4xc.wpenginepowered.com\/pt-br\/trading-platforms\/mt4\/","name":"Fa\u00e7a o download do MT4 | 4XC","isPartOf":{"@id":"https:\/\/dev4xc.wpenginepowered.com\/#website"},"primaryImageOfPage":{"@id":"https:\/\/dev4xc.wpenginepowered.com\/pt-br\/trading-platforms\/mt4\/#primaryimage"},"image":{"@id":"https:\/\/dev4xc.wpenginepowered.com\/pt-br\/trading-platforms\/mt4\/#primaryimage"},"thumbnailUrl":"https:\/\/dev4xc.wpenginepowered.com\/wp-content\/uploads\/2025\/02\/Metatrader-4.png","datePublished":"2024-07-23T11:45:46+00:00","dateModified":"2025-02-07T14:05:37+00:00","description":"Baixe o MetaTrader 4 para seu PC, iOS, Android ou Mac - a plataforma de negocia\u00e7\u00e3o mais poderosa e padr\u00e3o do setor para negocia\u00e7\u00e3o de Forex e CFDs.","breadcrumb":{"@id":"https:\/\/dev4xc.wpenginepowered.com\/pt-br\/trading-platforms\/mt4\/#breadcrumb"},"inLanguage":"pt-BR","potentialAction":[{"@type":"ReadAction","target":["https:\/\/dev4xc.wpenginepowered.com\/pt-br\/trading-platforms\/mt4\/"]}]},{"@type":"ImageObject","inLanguage":"pt-BR","@id":"https:\/\/dev4xc.wpenginepowered.com\/pt-br\/trading-platforms\/mt4\/#primaryimage","url":"https:\/\/dev4xc.wpenginepowered.com\/wp-content\/uploads\/2025\/02\/Metatrader-4.png","contentUrl":"https:\/\/dev4xc.wpenginepowered.com\/wp-content\/uploads\/2025\/02\/Metatrader-4.png","width":1800,"height":945},{"@type":"BreadcrumbList","@id":"https:\/\/dev4xc.wpenginepowered.com\/pt-br\/trading-platforms\/mt4\/#breadcrumb","itemListElement":[{"@type":"ListItem","position":1,"name":"Home","item":"https:\/\/dev4xc.wpenginepowered.com\/pt-br\/"},{"@type":"ListItem","position":2,"name":"Plataformas de Negocia\u00e7\u00e3o","item":"https:\/\/dev4xc.wpenginepowered.com\/pt-br\/trading-platforms\/"},{"@type":"ListItem","position":3,"name":"MetaTrader 4"}]},{"@type":"WebSite","@id":"https:\/\/dev4xc.wpenginepowered.com\/#website","url":"https:\/\/dev4xc.wpenginepowered.com\/","name":"4XC","description":"Forex Trading","publisher":{"@id":"https:\/\/dev4xc.wpenginepowered.com\/#organization"},"potentialAction":[{"@type":"SearchAction","target":{"@type":"EntryPoint","urlTemplate":"https:\/\/dev4xc.wpenginepowered.com\/?s={search_term_string}"},"query-input":{"@type":"PropertyValueSpecification","valueRequired":true,"valueName":"search_term_string"}}],"inLanguage":"pt-BR"},{"@type":"Organization","@id":"https:\/\/dev4xc.wpenginepowered.com\/#organization","name":"4XC","url":"https:\/\/dev4xc.wpenginepowered.com\/","logo":{"@type":"ImageObject","inLanguage":"pt-BR","@id":"https:\/\/dev4xc.wpenginepowered.com\/#\/schema\/logo\/image\/","url":"https:\/\/dev4xc.wpenginepowered.com\/wp-content\/uploads\/2025\/02\/Homepage.png","contentUrl":"https:\/\/dev4xc.wpenginepowered.com\/wp-content\/uploads\/2025\/02\/Homepage.png","width":1800,"height":945,"caption":"4XC"},"image":{"@id":"https:\/\/dev4xc.wpenginepowered.com\/#\/schema\/logo\/image\/"},"sameAs":["https:\/\/www.facebook.com\/4xcofficial\/","https:\/\/x.com\/4xcofficial","https:\/\/www.youtube.com\/channel\/UCKZd_2OQEITjDitnS9Kp9iQ","https:\/\/www.linkedin.com\/company\/4xcofficial","https:\/\/www.instagram.com\/4xcofficial\/","https:\/\/t.me\/EN4XC"]}]}},"_links":{"self":[{"href":"https:\/\/dev4xc.wpenginepowered.com\/pt-br\/wp-json\/wp\/v2\/pages\/52613","targetHints":{"allow":["GET"]}}],"collection":[{"href":"https:\/\/dev4xc.wpenginepowered.com\/pt-br\/wp-json\/wp\/v2\/pages"}],"about":[{"href":"https:\/\/dev4xc.wpenginepowered.com\/pt-br\/wp-json\/wp\/v2\/types\/page"}],"author":[{"embeddable":true,"href":"https:\/\/dev4xc.wpenginepowered.com\/pt-br\/wp-json\/wp\/v2\/users\/2"}],"replies":[{"embeddable":true,"href":"https:\/\/dev4xc.wpenginepowered.com\/pt-br\/wp-json\/wp\/v2\/comments?post=52613"}],"version-history":[{"count":0,"href":"https:\/\/dev4xc.wpenginepowered.com\/pt-br\/wp-json\/wp\/v2\/pages\/52613\/revisions"}],"up":[{"embeddable":true,"href":"https:\/\/dev4xc.wpenginepowered.com\/pt-br\/wp-json\/wp\/v2\/pages\/52674"}],"wp:featuredmedia":[{"embeddable":true,"href":"https:\/\/dev4xc.wpenginepowered.com\/pt-br\/wp-json\/wp\/v2\/media\/52542"}],"wp:attachment":[{"href":"https:\/\/dev4xc.wpenginepowered.com\/pt-br\/wp-json\/wp\/v2\/media?parent=52613"}],"curies":[{"name":"wp","href":"https:\/\/api.w.org\/{rel}","templated":true}]}}